{"id":19,"date":"2025-11-23T19:06:50","date_gmt":"2025-11-23T19:06:50","guid":{"rendered":"https:\/\/comparatif-ia.fr\/?page_id=19"},"modified":"2025-11-23T19:06:50","modified_gmt":"2025-11-23T19:06:50","slug":"mentions-legales","status":"publish","type":"page","link":"https:\/\/comparatif-ia.fr\/index.php\/mentions-legales\/","title":{"rendered":"Mentions l\u00e9gales"},"content":{"rendered":"\n<hr class=\"wp-block-separator has-alpha-channel-opacity\"\/>\n\n\n\n<h2 class=\"wp-block-heading\">1\ufe0f\u20e3 \u00c9diteur du site<\/h2>\n\n\n\n<ul class=\"wp-block-list\">\n<li>Nom \/ Raison sociale : <\/li>\n\n\n\n<li>Adresse : <\/li>\n\n\n\n<li>Email : <\/li>\n\n\n\n<li>T\u00e9l\u00e9phone : <\/li>\n\n\n\n<li>Directeur de la publication :<\/li>\n<\/ul>\n\n\n\n<hr class=\"wp-block-separator has-alpha-channel-opacity\"\/>\n\n\n\n<h2 class=\"wp-block-heading\">2\ufe0f\u20e3 H\u00e9bergement<\/h2>\n\n\n\n<ul class=\"wp-block-list\">\n<li>Le site est h\u00e9berg\u00e9 par : <strong>OVH<\/strong><\/li>\n\n\n\n<li>Adresse : 2 rue Kellermann \u2013 59100 Roubaix \u2013 France<\/li>\n\n\n\n<li>T\u00e9l\u00e9phone : +33 (0)9 72 10 10 07<\/li>\n\n\n\n<li>Site web : <a href=\"https:\/\/www.ovh.com\" target=\"_blank\" rel=\"noopener\">https:\/\/www.ovh.com<\/a><\/li>\n<\/ul>\n\n\n\n<hr class=\"wp-block-separator has-alpha-channel-opacity\"\/>\n\n\n\n<h2 class=\"wp-block-heading\">3\ufe0f\u20e3 Propri\u00e9t\u00e9 intellectuelle<\/h2>\n\n\n\n<ul class=\"wp-block-list\">\n<li>Le contenu de ce site (textes, images, logos, vid\u00e9os, etc.) est <strong>propri\u00e9t\u00e9 du propri\u00e9taire du site<\/strong>.<\/li>\n\n\n\n<li>Toute reproduction, repr\u00e9sentation ou diffusion, m\u00eame partielle, <strong>est interdite sans autorisation pr\u00e9alable<\/strong>.<\/li>\n<\/ul>\n\n\n\n<hr class=\"wp-block-separator has-alpha-channel-opacity\"\/>\n\n\n\n<h2 class=\"wp-block-heading\">4\ufe0f\u20e3 Donn\u00e9es personnelles<\/h2>\n\n\n\n<ul class=\"wp-block-list\">\n<li>Le site peut collecter des donn\u00e9es via des formulaires ou cookies.<\/li>\n\n\n\n<li>Ces informations sont utilis\u00e9es uniquement pour [\u00e0 remplir par le client, ex. r\u00e9pondre aux demandes de contact].<\/li>\n\n\n\n<li>Conform\u00e9ment au RGPD, les utilisateurs disposent d\u2019un droit d\u2019acc\u00e8s, de rectification et de suppression de leurs donn\u00e9es.<\/li>\n\n\n\n<li>Contact pour exercer ces droits : <code>[\u00c0 remplir par le client]<\/code><\/li>\n<\/ul>\n\n\n\n<hr class=\"wp-block-separator has-alpha-channel-opacity\"\/>\n\n\n\n<h2 class=\"wp-block-heading\">5\ufe0f\u20e3 Cookies<\/h2>\n\n\n\n<ul class=\"wp-block-list\">\n<li>Le site peut utiliser des cookies pour am\u00e9liorer l\u2019exp\u00e9rience utilisateur.<\/li>\n\n\n\n<li>Les utilisateurs peuvent les d\u00e9sactiver via leur navigateur.<\/li>\n<\/ul>\n\n\n\n<hr class=\"wp-block-separator has-alpha-channel-opacity\"\/>\n\n\n\n<h2 class=\"wp-block-heading\">6\ufe0f\u20e3 Responsabilit\u00e9<\/h2>\n\n\n\n<ul class=\"wp-block-list\">\n<li>Le propri\u00e9taire du site n\u2019est pas responsable des dommages directs ou indirects pouvant r\u00e9sulter de l\u2019acc\u00e8s ou de l\u2019utilisation du site.<\/li>\n\n\n\n<li>Le site peut contenir des liens vers d\u2019autres sites dont le propri\u00e9taire <strong>ne peut \u00eatre tenu responsable<\/strong>.<\/li>\n<\/ul>\n","protected":false},"excerpt":{"rendered":"<p>1\ufe0f\u20e3 \u00c9diteur du site 2\ufe0f\u20e3 H\u00e9bergement 3\ufe0f\u20e3 Propri\u00e9t\u00e9 intellectuelle 4\ufe0f\u20e3 Donn\u00e9es personnelles 5\ufe0f\u20e3 Cookies 6\ufe0f\u20e3 Responsabilit\u00e9<\/p>\n","protected":false},"author":1,"featured_media":0,"parent":0,"menu_order":0,"comment_status":"closed","ping_status":"closed","template":"","meta":{"footnotes":""},"class_list":["post-19","page","type-page","status-publish"],"_links":{"self":[{"href":"https:\/\/comparatif-ia.fr\/index.php\/wp-json\/wp\/v2\/pages\/19","targetHints":{"allow":["GET"]}}],"collection":[{"href":"https:\/\/comparatif-ia.fr\/index.php\/wp-json\/wp\/v2\/pages"}],"about":[{"href":"https:\/\/comparatif-ia.fr\/index.php\/wp-json\/wp\/v2\/types\/page"}],"author":[{"embeddable":true,"href":"https:\/\/comparatif-ia.fr\/index.php\/wp-json\/wp\/v2\/users\/1"}],"replies":[{"embeddable":true,"href":"https:\/\/comparatif-ia.fr\/index.php\/wp-json\/wp\/v2\/comments?post=19"}],"version-history":[{"count":1,"href":"https:\/\/comparatif-ia.fr\/index.php\/wp-json\/wp\/v2\/pages\/19\/revisions"}],"predecessor-version":[{"id":20,"href":"https:\/\/comparatif-ia.fr\/index.php\/wp-json\/wp\/v2\/pages\/19\/revisions\/20"}],"wp:attachment":[{"href":"https:\/\/comparatif-ia.fr\/index.php\/wp-json\/wp\/v2\/media?parent=19"}],"curies":[{"name":"wp","href":"https:\/\/api.w.org\/{rel}","templated":true}]}}