{"id":27,"date":"2025-11-23T19:11:48","date_gmt":"2025-11-23T19:11:48","guid":{"rendered":"https:\/\/comparatif-ia.fr\/?page_id=27"},"modified":"2025-11-23T19:11:49","modified_gmt":"2025-11-23T19:11:49","slug":"conditions-generales-dutilisation-cgu","status":"publish","type":"page","link":"https:\/\/comparatif-ia.fr\/index.php\/conditions-generales-dutilisation-cgu\/","title":{"rendered":"Conditions G\u00e9n\u00e9rales d\u2019Utilisation (CGU)"},"content":{"rendered":"\n<hr class=\"wp-block-separator has-alpha-channel-opacity\"\/>\n\n\n\n<h2 class=\"wp-block-heading\">1\ufe0f\u20e3 Objet<\/h2>\n\n\n\n<p>Les pr\u00e9sentes <strong>conditions g\u00e9n\u00e9rales d\u2019utilisation<\/strong> (CGU) d\u00e9finissent les modalit\u00e9s d\u2019acc\u00e8s et d\u2019utilisation du site.<br>En utilisant ce site, l\u2019utilisateur accepte ces conditions.<\/p>\n\n\n\n<hr class=\"wp-block-separator has-alpha-channel-opacity\"\/>\n\n\n\n<h2 class=\"wp-block-heading\">2\ufe0f\u20e3 \u00c9diteur du site<\/h2>\n\n\n\n<ul class=\"wp-block-list\">\n<li>Nom \/ Raison sociale : <\/li>\n\n\n\n<li>Adresse : <\/li>\n\n\n\n<li>Email : <\/li>\n\n\n\n<li>T\u00e9l\u00e9phone : <\/li>\n<\/ul>\n\n\n\n<hr class=\"wp-block-separator has-alpha-channel-opacity\"\/>\n\n\n\n<h2 class=\"wp-block-heading\">3\ufe0f\u20e3 Acc\u00e8s au site<\/h2>\n\n\n\n<ul class=\"wp-block-list\">\n<li>L\u2019acc\u00e8s au site est libre et gratuit.<\/li>\n\n\n\n<li>Le propri\u00e9taire se r\u00e9serve le droit de <strong>modifier, suspendre ou interrompre l\u2019acc\u00e8s<\/strong> \u00e0 tout moment, sans pr\u00e9avis.<\/li>\n<\/ul>\n\n\n\n<hr class=\"wp-block-separator has-alpha-channel-opacity\"\/>\n\n\n\n<h2 class=\"wp-block-heading\">4\ufe0f\u20e3 Propri\u00e9t\u00e9 intellectuelle<\/h2>\n\n\n\n<ul class=\"wp-block-list\">\n<li>Tous les contenus du site (textes, images, logos, vid\u00e9os, etc.) sont <strong>propri\u00e9t\u00e9 du propri\u00e9taire<\/strong> ou de ses partenaires.<\/li>\n\n\n\n<li>Toute reproduction, modification ou diffusion sans autorisation est interdite.<\/li>\n<\/ul>\n\n\n\n<hr class=\"wp-block-separator has-alpha-channel-opacity\"\/>\n\n\n\n<h2 class=\"wp-block-heading\">5\ufe0f\u20e3 Responsabilit\u00e9<\/h2>\n\n\n\n<ul class=\"wp-block-list\">\n<li>Le propri\u00e9taire <strong>n\u2019est pas responsable<\/strong> des dommages directs ou indirects pouvant r\u00e9sulter de l\u2019utilisation du site.<\/li>\n\n\n\n<li>Les liens externes pr\u00e9sents sur le site sont fournis \u00e0 titre informatif, et le propri\u00e9taire <strong>ne peut \u00eatre tenu responsable du contenu de ces sites<\/strong>.<\/li>\n<\/ul>\n\n\n\n<hr class=\"wp-block-separator has-alpha-channel-opacity\"\/>\n\n\n\n<h2 class=\"wp-block-heading\">6\ufe0f\u20e3 Donn\u00e9es personnelles<\/h2>\n\n\n\n<ul class=\"wp-block-list\">\n<li>Le site peut collecter des donn\u00e9es via formulaires ou cookies.<\/li>\n\n\n\n<li>Conform\u00e9ment au RGPD, les utilisateurs disposent d\u2019un droit d\u2019acc\u00e8s, de rectification et de suppression de leurs donn\u00e9es.<\/li>\n\n\n\n<li>Contact pour exercer ces droits : <\/li>\n<\/ul>\n\n\n\n<hr class=\"wp-block-separator has-alpha-channel-opacity\"\/>\n\n\n\n<h2 class=\"wp-block-heading\">7\ufe0f\u20e3 Modifications des CGU<\/h2>\n\n\n\n<ul class=\"wp-block-list\">\n<li>Le propri\u00e9taire se r\u00e9serve le droit de <strong>modifier les pr\u00e9sentes CGU<\/strong> \u00e0 tout moment.<\/li>\n\n\n\n<li>Les utilisateurs sont invit\u00e9s \u00e0 consulter r\u00e9guli\u00e8rement cette page.<\/li>\n<\/ul>\n","protected":false},"excerpt":{"rendered":"<p>1\ufe0f\u20e3 Objet Les pr\u00e9sentes conditions g\u00e9n\u00e9rales d\u2019utilisation (CGU) d\u00e9finissent les modalit\u00e9s d\u2019acc\u00e8s et d\u2019utilisation du site.En utilisant ce site, l\u2019utilisateur accepte ces conditions. 2\ufe0f\u20e3 \u00c9diteur du site 3\ufe0f\u20e3 Acc\u00e8s au site 4\ufe0f\u20e3 Propri\u00e9t\u00e9 intellectuelle 5\ufe0f\u20e3 Responsabilit\u00e9 6\ufe0f\u20e3 Donn\u00e9es personnelles 7\ufe0f\u20e3 Modifications des CGU<\/p>\n","protected":false},"author":1,"featured_media":0,"parent":0,"menu_order":0,"comment_status":"closed","ping_status":"closed","template":"","meta":{"footnotes":""},"class_list":["post-27","page","type-page","status-publish"],"_links":{"self":[{"href":"https:\/\/comparatif-ia.fr\/index.php\/wp-json\/wp\/v2\/pages\/27","targetHints":{"allow":["GET"]}}],"collection":[{"href":"https:\/\/comparatif-ia.fr\/index.php\/wp-json\/wp\/v2\/pages"}],"about":[{"href":"https:\/\/comparatif-ia.fr\/index.php\/wp-json\/wp\/v2\/types\/page"}],"author":[{"embeddable":true,"href":"https:\/\/comparatif-ia.fr\/index.php\/wp-json\/wp\/v2\/users\/1"}],"replies":[{"embeddable":true,"href":"https:\/\/comparatif-ia.fr\/index.php\/wp-json\/wp\/v2\/comments?post=27"}],"version-history":[{"count":1,"href":"https:\/\/comparatif-ia.fr\/index.php\/wp-json\/wp\/v2\/pages\/27\/revisions"}],"predecessor-version":[{"id":28,"href":"https:\/\/comparatif-ia.fr\/index.php\/wp-json\/wp\/v2\/pages\/27\/revisions\/28"}],"wp:attachment":[{"href":"https:\/\/comparatif-ia.fr\/index.php\/wp-json\/wp\/v2\/media?parent=27"}],"curies":[{"name":"wp","href":"https:\/\/api.w.org\/{rel}","templated":true}]}}